{"id":2944,"date":"2021-02-17T14:12:50","date_gmt":"2021-02-17T13:12:50","guid":{"rendered":"https:\/\/www.xn--komplementr-therapie-kzb.ch\/?page_id=2944"},"modified":"2026-04-17T18:09:38","modified_gmt":"2026-04-17T16:09:38","slug":"fehler-404","status":"publish","type":"page","link":"https:\/\/www.xn--komplementr-therapie-kzb.ch\/it\/fehler-404\/","title":{"rendered":"Fehler 404"},"content":{"rendered":"<div class=\"brz-root__container brz-reset-all brz brz-root__container-page\">\n<section id=\"_ieinqhitrjkuwcogxfskgqmxknglrzobgcaz\" class=\"brz-section brz-css-p4krdj brz-css-yjs4zx\">\n<div class=\"brz-section__content brz-section--boxed brz-css-idhtl brz-css-1p5xyxt\" data-brz-custom-id=\"lcaxmdzlyozgpkhvlyhbvxcxvbpjlqrlpwao\">\n<div class=\"brz-bg\">\n<div class=\"brz-bg-image\"><\/div>\n<\/div>\n<div class=\"brz-container brz-css-gs1p5f\">\n<div class=\"brz-row__container brz-css-177hsu5\" data-brz-custom-id=\"aisvlgpxqwnkyuxxedkuxekpjykifizzxcxi\">\n<div class=\"brz-bg\"><\/div>\n<div class=\"brz-row brz-css-1u7v12j brz-css-fwu8w6\">\n<div class=\"brz-columns brz-css-civ6m3 brz-css-1fxzn1v\" data-brz-custom-id=\"bruqpundkfbadintbxhvlbbdyxvelgkgdywu\">\n<div class=\"brz-bg\"><\/div>\n<div class=\"brz-column__items brz-css-1j89agd\">\n<div id=\"\" class=\"brz-css-q5uglx brz-wrapper\">\n<div class=\"brz-rich-text brz-rich-text__custom brz-css-cns45x\" data-brz-custom-id=\"vvgdzcvyhaxvstgwrgazkrdboiqxkiiazbrv\">\n<div data-brz-translate-text=\"1\">\n<h1 class=\"brz-tp-heading1 brz-css-qy5Xo\"><span class=\"brz-cp-color8\">Entschuldigung<\/span><\/h1>\n<\/div>\n<\/div>\n<\/div>\n<div id=\"\" class=\"brz-css-q5uglx brz-css-63l84m brz-wrapper\">\n<div class=\"brz-spacer brz-css-yf59bg\"><\/div>\n<\/div>\n<\/div>\n<\/div>\n<\/div>\n<\/div>\n<\/div>\n<\/div>\n<\/section>\n<section id=\"_drakzekgycxsuytninbfslbdivipgwyzezhy\" class=\"brz-section brz-css-p4krdj\">\n<div class=\"brz-section__content brz-section--boxed brz-css-idhtl brz-css-1k59d5d\" data-brz-custom-id=\"nyhmuilbktiksytgtaxnpqgyubzwsfhlydim\">\n<div class=\"brz-container brz-css-gs1p5f\">\n<div id=\"\" class=\"brz-css-q5uglx brz-wrapper\">\n<div class=\"brz-rich-text brz-rich-text__custom brz-css-cns45x\" data-brz-custom-id=\"lmghajdmacptugyfsqqqekqiwjcswmfyacfl\">\n<div data-brz-translate-text=\"1\">\n<p class=\"brz-tp-heading2 brz-text-lg-center brz-css-dLmGF\"><span class=\"brz-cp-color7\">Diese Seite konnten wir nicht finden.<\/span><\/p>\n<\/div>\n<\/div>\n<\/div>\n<div id=\"\" class=\"brz-css-q5uglx brz-wrapper\">\n<div class=\"brz-rich-text brz-rich-text__custom brz-css-cns45x\" data-brz-custom-id=\"kvrevpaojvtlyrwevxtclrtibkzzhpldhuzh\">\n<div data-brz-translate-text=\"1\">\n<p class=\"brz-text-lg-center brz-tp-paragraph brz-css-eNxAM\"><span class=\"brz-cp-color7\">Daf\u00fcr haben wir eine elegante L\u00f6sung:<\/span><\/p>\n<p class=\"brz-text-lg-center brz-tp-paragraph brz-css-vOr8_\"><span class=\"brz-cp-color7\">Einfach den Button klicken und die <\/span><a class=\"link--external brz-cp-color7\" href=\"\/it\/\" data-brz-link-type=\"external\">Startseite<\/a><span class=\"brz-cp-color7\"> dieser Website bewundern<\/span><\/p>\n<p class=\"brz-text-lg-center brz-tp-paragraph brz-css-wjuHs\"><span class=\"brz-cp-color7\">oder oben aus dem Menu eine andere Seite ausw\u00e4hlen. <\/span><\/p>\n<\/div>\n<\/div>\n<\/div>\n<div id=\"\" class=\"brz-css-q5uglx brz-css-63l84m brz-wrapper\">\n<div class=\"brz-spacer brz-css-yf59bg\"><\/div>\n<\/div>\n<div class=\"brz-wrapper-clone brz-css-gwfcqe\">\n<div class=\"brz-d-xs-flex brz-flex-xs-wrap brz-css-1b6gnr0\" data-brz-custom-id=\"\">\n<div class=\"brz-wrapper-clone__item\" id=\"jvelcsnpjzbyeweoofqjhuavwsfuuxojaodv\"><a class=\"brz-a brz-btn brz-css-12af9cf brz-css-wjju4 brz-css-1g3an84\" href=\"\/it\/\" target=\"_self\" rel=\"noopener\" data-brz-link-type=\"external\" data-brz-custom-id=\"jvelcsnpjzbyeweoofqjhuavwsfuuxojaodv\"><span data-brz-translate-text=\"1\" class=\"brz-span brz-text__editor\">zur Startseite<\/span><\/a><\/div>\n<\/div>\n<\/div>\n<\/div>\n<\/div>\n<\/section>\n<\/div>\n<p>    <!-- version:1737230480 --><\/p>","protected":false},"excerpt":{"rendered":"<p>Entschuldigung Diese Seite konnten wir nicht finden. Daf\u00fcr haben wir eine elegante L\u00f6sung: Einfach den Button klicken und die Startseite dieser Website bewundern oder oben aus dem Menu eine andere Seite ausw\u00e4hlen. zur Startseite<\/p>","protected":false},"author":3,"featured_media":0,"parent":0,"menu_order":13,"comment_status":"closed","ping_status":"closed","template":"brizy-blank-template.php","meta":{"iawp_total_views":544,"footnotes":""},"class_list":["post-2944","page","type-page","status-publish","hentry"],"yoast_head":"<!-- This site is optimized with the Yoast SEO plugin v27.4 - https:\/\/yoast.com\/product\/yoast-seo-wordpress\/ -->\n<title>Fehler 404 - Komplement\u00e4r-Therapie Schweiz<\/title>\n<meta name=\"robots\" content=\"index, follow, max-snippet:-1, max-image-preview:large, max-video-preview:-1\" \/>\n<link rel=\"canonical\" href=\"https:\/\/www.xn--komplementr-therapie-kzb.ch\/it\/fehler-404\/\" \/>\n<meta property=\"og:locale\" content=\"it_IT\" \/>\n<meta property=\"og:type\" content=\"article\" \/>\n<meta property=\"og:title\" content=\"Fehler 404 - Komplement\u00e4r-Therapie Schweiz\" \/>\n<meta property=\"og:description\" content=\"Entschuldigung Diese Seite konnten wir nicht finden. Daf\u00fcr haben wir eine elegante L\u00f6sung: Einfach den Button klicken und die Startseite dieser Website bewundern oder oben aus dem Menu eine andere Seite ausw\u00e4hlen. zur Startseite\" \/>\n<meta property=\"og:url\" content=\"https:\/\/www.xn--komplementr-therapie-kzb.ch\/it\/fehler-404\/\" \/>\n<meta property=\"og:site_name\" content=\"Komplement\u00e4r-Therapie Schweiz\" \/>\n<meta property=\"article:modified_time\" content=\"2026-04-17T16:09:38+00:00\" \/>\n<meta name=\"twitter:card\" content=\"summary_large_image\" \/>\n<script type=\"application\/ld+json\" class=\"yoast-schema-graph\">{\"@context\":\"https:\\\/\\\/schema.org\",\"@graph\":[{\"@type\":\"WebPage\",\"@id\":\"https:\\\/\\\/www.xn--komplementr-therapie-kzb.ch\\\/fehler-404\\\/\",\"url\":\"https:\\\/\\\/www.xn--komplementr-therapie-kzb.ch\\\/fehler-404\\\/\",\"name\":\"Fehler 404 - Komplement\u00e4r-Therapie Schweiz\",\"isPartOf\":{\"@id\":\"https:\\\/\\\/www.xn--komplementr-therapie-kzb.ch\\\/#website\"},\"datePublished\":\"2021-02-17T13:12:50+00:00\",\"dateModified\":\"2026-04-17T16:09:38+00:00\",\"breadcrumb\":{\"@id\":\"https:\\\/\\\/www.xn--komplementr-therapie-kzb.ch\\\/fehler-404\\\/#breadcrumb\"},\"inLanguage\":\"it-IT\",\"potentialAction\":[{\"@type\":\"ReadAction\",\"target\":[\"https:\\\/\\\/www.xn--komplementr-therapie-kzb.ch\\\/fehler-404\\\/\"]}]},{\"@type\":\"BreadcrumbList\",\"@id\":\"https:\\\/\\\/www.xn--komplementr-therapie-kzb.ch\\\/fehler-404\\\/#breadcrumb\",\"itemListElement\":[{\"@type\":\"ListItem\",\"position\":1,\"name\":\"Startseite\",\"item\":\"https:\\\/\\\/www.xn--komplementr-therapie-kzb.ch\\\/\"},{\"@type\":\"ListItem\",\"position\":2,\"name\":\"Fehler 404\"}]},{\"@type\":\"WebSite\",\"@id\":\"https:\\\/\\\/www.xn--komplementr-therapie-kzb.ch\\\/#website\",\"url\":\"https:\\\/\\\/www.xn--komplementr-therapie-kzb.ch\\\/\",\"name\":\"Komplement\u00e4r-Therapie Schweiz\",\"description\":\"\",\"potentialAction\":[{\"@type\":\"SearchAction\",\"target\":{\"@type\":\"EntryPoint\",\"urlTemplate\":\"https:\\\/\\\/www.xn--komplementr-therapie-kzb.ch\\\/?s={search_term_string}\"},\"query-input\":{\"@type\":\"PropertyValueSpecification\",\"valueRequired\":true,\"valueName\":\"search_term_string\"}}],\"inLanguage\":\"it-IT\"}]}<\/script>\n<!-- \/ Yoast SEO plugin. -->","yoast_head_json":{"title":"Fehler 404 - Komplement\u00e4r-Therapie Schweiz","robots":{"index":"index","follow":"follow","max-snippet":"max-snippet:-1","max-image-preview":"max-image-preview:large","max-video-preview":"max-video-preview:-1"},"canonical":"https:\/\/www.xn--komplementr-therapie-kzb.ch\/it\/fehler-404\/","og_locale":"it_IT","og_type":"article","og_title":"Fehler 404 - Komplement\u00e4r-Therapie Schweiz","og_description":"Entschuldigung Diese Seite konnten wir nicht finden. Daf\u00fcr haben wir eine elegante L\u00f6sung: Einfach den Button klicken und die Startseite dieser Website bewundern oder oben aus dem Menu eine andere Seite ausw\u00e4hlen. zur Startseite","og_url":"https:\/\/www.xn--komplementr-therapie-kzb.ch\/it\/fehler-404\/","og_site_name":"Komplement\u00e4r-Therapie Schweiz","article_modified_time":"2026-04-17T16:09:38+00:00","twitter_card":"summary_large_image","schema":{"@context":"https:\/\/schema.org","@graph":[{"@type":"WebPage","@id":"https:\/\/www.xn--komplementr-therapie-kzb.ch\/fehler-404\/","url":"https:\/\/www.xn--komplementr-therapie-kzb.ch\/fehler-404\/","name":"Fehler 404 - Komplement\u00e4r-Therapie Schweiz","isPartOf":{"@id":"https:\/\/www.xn--komplementr-therapie-kzb.ch\/#website"},"datePublished":"2021-02-17T13:12:50+00:00","dateModified":"2026-04-17T16:09:38+00:00","breadcrumb":{"@id":"https:\/\/www.xn--komplementr-therapie-kzb.ch\/fehler-404\/#breadcrumb"},"inLanguage":"it-IT","potentialAction":[{"@type":"ReadAction","target":["https:\/\/www.xn--komplementr-therapie-kzb.ch\/fehler-404\/"]}]},{"@type":"BreadcrumbList","@id":"https:\/\/www.xn--komplementr-therapie-kzb.ch\/fehler-404\/#breadcrumb","itemListElement":[{"@type":"ListItem","position":1,"name":"Startseite","item":"https:\/\/www.xn--komplementr-therapie-kzb.ch\/"},{"@type":"ListItem","position":2,"name":"Fehler 404"}]},{"@type":"WebSite","@id":"https:\/\/www.xn--komplementr-therapie-kzb.ch\/#website","url":"https:\/\/www.xn--komplementr-therapie-kzb.ch\/","name":"Komplement\u00e4r-Therapie Schweiz","description":"","potentialAction":[{"@type":"SearchAction","target":{"@type":"EntryPoint","urlTemplate":"https:\/\/www.xn--komplementr-therapie-kzb.ch\/?s={search_term_string}"},"query-input":{"@type":"PropertyValueSpecification","valueRequired":true,"valueName":"search_term_string"}}],"inLanguage":"it-IT"}]}},"brizy_media":[{"id":7479,"url":"https:\/\/www.xn--komplementr-therapie-kzb.ch\/wp-content\/uploads\/2021\/08\/kt-topbild-home-01.jpg","name":"kt-topbild-home-01.jpg","meta":{"brizy_attachment_uid":"wp-85463214da7b4c45b56d5deebdd8922f.jpg","brizy_post_uid":["94cb672d4aa2af850fdc8a52fe7b972f","6ffdf3e6a6355941f105245dd58f33d0","7722191a189e00096c31ff22e6995ea1"]}}],"ase":null,"_links":{"self":[{"href":"https:\/\/www.xn--komplementr-therapie-kzb.ch\/it\/wp-json\/wp\/v2\/pages\/2944","targetHints":{"allow":["GET"]}}],"collection":[{"href":"https:\/\/www.xn--komplementr-therapie-kzb.ch\/it\/wp-json\/wp\/v2\/pages"}],"about":[{"href":"https:\/\/www.xn--komplementr-therapie-kzb.ch\/it\/wp-json\/wp\/v2\/types\/page"}],"author":[{"embeddable":true,"href":"https:\/\/www.xn--komplementr-therapie-kzb.ch\/it\/wp-json\/wp\/v2\/users\/3"}],"replies":[{"embeddable":true,"href":"https:\/\/www.xn--komplementr-therapie-kzb.ch\/it\/wp-json\/wp\/v2\/comments?post=2944"}],"version-history":[{"count":0,"href":"https:\/\/www.xn--komplementr-therapie-kzb.ch\/it\/wp-json\/wp\/v2\/pages\/2944\/revisions"}],"wp:attachment":[{"href":"https:\/\/www.xn--komplementr-therapie-kzb.ch\/it\/wp-json\/wp\/v2\/media?parent=2944"}],"curies":[{"name":"wp","href":"https:\/\/api.w.org\/{rel}","templated":true}]}}