{"id":236,"date":"2020-12-17T23:13:42","date_gmt":"2020-12-17T22:13:42","guid":{"rendered":"https:\/\/startup-brizy.laendle.io\/?page_id=236"},"modified":"2026-04-17T17:04:56","modified_gmt":"2026-04-17T15:04:56","slug":"impressum","status":"publish","type":"page","link":"https:\/\/www.xn--komplementr-therapie-kzb.ch\/fr\/impressum\/","title":{"rendered":"Mentions"},"content":{"rendered":"<div class=\"brz brz-root__container brz-reset-all brz-root__container-page\">\n<section id=\"sobbmwvpvldouzhmfgfygfjtxiemukzdrosg_sobbmwvpvldouzhmfgfygfjtxiemukzdrosg\" class=\"brz-section brz-css-1oa0ilx brz-css-y90oc0\">\n<div class=\"brz-section__content brz-section--boxed brz-css-1h4f8q7 brz-css-15o62hl\" data-brz-custom-id=\"rymjofrzfxtmrofzbanvrdwrjuhlkueusghk\">\n<div class=\"brz-bg\">\n<div class=\"brz-bg-image\"><\/div>\n<\/div>\n<div class=\"brz-container brz-css-11l7wha brz-css-x4i9e\">\n<div class=\"brz-row__container brz-css-xzwhp2 brz-css-1afg84r\" data-brz-custom-id=\"hjauqloyeaoyllukdlyzckhegdzlvirtfjlz\">\n<div class=\"brz-row brz-css-1t8nzod brz-css-1mlltum brz-css-nx7nne\">\n<div class=\"brz-columns brz-css-1j72d9q brz-css-13rb087\" data-brz-custom-id=\"rojgdagrmlhppwdyteboulcwspguruzdrxej\">\n<div class=\"brz-column__items brz-css-1bknqf7 brz-css-1g4mker\">\n<div id=\"\" class=\"brz-css-8e4rk3 brz-css-owrhzn brz-wrapper\">\n<div class=\"brz-rich-text brz-rich-text__custom brz-css-fmelir brz-css-1chgxex\" data-brz-custom-id=\"txvnkofxodmwazudzckqtfaydkuwdfgmlxaj\">\n<div data-brz-translate-text=\"1\">\n<h1 class=\"brz-tp-heading1 brz-css-xTR8K\"><span class=\"brz-cp-color8\">Mentions<\/span><\/h1>\n<\/div>\n<\/div>\n<\/div>\n<div id=\"\" class=\"brz-css-8e4rk3 brz-css-1yiwbbq brz-css-tj5dnu brz-wrapper\">\n<div class=\"brz-spacer brz-css-736l4o brz-css-y1i75u\"><\/div>\n<\/div>\n<\/div>\n<\/div>\n<\/div>\n<\/div>\n<\/div>\n<\/div>\n<\/section>\n<section id=\"hfyfaefmyuqtdvxwcgpbloclruxinbuumbnz_hfyfaefmyuqtdvxwcgpbloclruxinbuumbnz\" class=\"brz-section brz-css-ahbbch brz-css-cskorf\">\n<div class=\"brz-section__content brz-section--boxed brz-css-1kdjauq brz-css-1oe92cb\" data-brz-custom-id=\"tncxpunmstjmnovycqkardsqroqjimppddxx\">\n<div class=\"brz-container brz-css-u0ppty brz-css-7ql5vw\">\n<div class=\"brz-row__container brz-css-1usfrmk brz-css-8vyr2m\" data-brz-custom-id=\"ewnnemzqqdaykemzobygvrmaffxhgpqpsuzx\">\n<div class=\"brz-row brz-css-b2d6gw brz-css-a507oc brz-css-1yy24iv\">\n<div class=\"brz-columns brz-css-1i05661 brz-css-1wdafxc\" data-brz-custom-id=\"nofqlaidltxrbwmboxzlxkvfhfdtpldwqlhf\">\n<div class=\"brz-column__items brz-css-zx9iz0 brz-css-1djtjr4\">\n<div id=\"\" class=\"brz-css-184tzv3 brz-css-thw87f brz-wrapper\">\n<div class=\"brz-rich-text brz-rich-text__custom brz-css-z7lbjq brz-css-1d3df7k\" data-brz-custom-id=\"vhwkliyvamfvfrdhfqmawmbmiwjkzwrvguvc\">\n<div data-brz-translate-text=\"1\">\n<h2 class=\"brz-tp-heading4 brz-css-cvHll\"><span class=\"brz-cp-color7\">Redaktion und verantwortlich f\u00fcr den Inhalt<\/span><\/h2>\n<\/div>\n<\/div>\n<\/div>\n<div id=\"\" class=\"brz-css-184tzv3 brz-css-1j8adrm brz-wrapper\">\n<div class=\"brz-rich-text brz-rich-text__custom brz-css-z7lbjq brz-css-1ddwsey\" data-brz-custom-id=\"zysuwodysbezmmsfxqqewdwxwcgejufmcdfq\">\n<div data-brz-translate-text=\"1\">\n<p class=\"brz-tp-lg-paragraph brz-css-mj8fh\" data-generated-css=\"brz-css-ed3P2\" data-uniq-id=\"eEdhQ\"><strong class=\"brz-cp-color7\">Organisation der Arbeitswelt Komplement\u00e4rtherapie OdA KT<\/strong><\/p>\n<p class=\"brz-tp-lg-paragraph brz-css-ewrKP\" data-generated-css=\"brz-css-reef4\" data-uniq-id=\"wMNG7\"><span class=\"brz-cp-color7\"> <\/span><\/p>\n<p class=\"brz-tp-lg-paragraph brz-css-yVyU7\" data-generated-css=\"brz-css-hxWTT\" data-uniq-id=\"hoeeA\"><span class=\"brz-cp-color7\">Niklaus Konrad-Strasse 26<\/span><\/p>\n<p class=\"brz-tp-lg-paragraph brz-css-hFeMS\" data-generated-css=\"brz-css-xtYAC\" data-uniq-id=\"k6xrH\"><span class=\"brz-cp-color7\">CH-4500 Solothurn <\/span><\/p>\n<p class=\"brz-tp-lg-paragraph brz-css-kJJd8\" data-generated-css=\"brz-css-dOCYr\" data-uniq-id=\"q1BR0\"><span class=\"brz-cp-color7\">041 511 43 50<\/span><\/p>\n<p class=\"brz-tp-lg-paragraph brz-css-fDypl\" data-generated-css=\"brz-css-mgspf\" data-uniq-id=\"fH8HH\"><a class=\"link--external brz-cp-color7\" href=\"mailto:info@oda-kt.ch\" data-brz-link-type=\"external\">info(at)oda-kt.ch<\/a><\/p>\n<p class=\"brz-tp-lg-paragraph brz-css-rsU5w\" data-generated-css=\"brz-css-dHVxC\" data-uniq-id=\"rblmb\"><a class=\"link--external brz-cp-color7\" href=\"https:\/\/www.oda-kt.ch\/fr\/examen-professionnel-superieur-eps\/\" data-brz-link-type=\"external\" target=\"_blank\" rel=\"noreferrer noopener\">www.oda-kt.ch<\/a><\/p>\n<\/div>\n<\/div>\n<\/div>\n<\/div>\n<\/div>\n<div class=\"brz-columns brz-css-1i05661 brz-css-ac0ueq\" data-brz-custom-id=\"emevhxqfpgsamporwimdpjdbsqyuwtxkdzcs\">\n<div class=\"brz-column__items brz-css-zx9iz0 brz-css-1w5erts\">\n<div id=\"\" class=\"brz-css-184tzv3 brz-css-ow6nff brz-wrapper\">\n<div class=\"brz-rich-text brz-rich-text__custom brz-css-z7lbjq brz-css-yldhx0\" data-brz-custom-id=\"hqeqqmdvlaktknkdlfgxbckrlebffnuurgde\">\n<div data-brz-translate-text=\"1\">\n<h4 class=\"brz-tp-heading4 brz-css-rr5GK\"><span class=\"brz-cp-color7\">Conception et design web<\/span><\/h4>\n<\/div>\n<\/div>\n<\/div>\n<div id=\"\" class=\"brz-css-184tzv3 brz-css-fyzcyl brz-wrapper\">\n<div class=\"brz-rich-text brz-rich-text__custom brz-css-z7lbjq brz-css-31f1tr\" data-brz-custom-id=\"hadazgrziivmqfdwnwbdncpehumdaesofrlm\">\n<div data-brz-translate-text=\"1\">\n<p class=\"brz-tp-paragraph brz-css-d7mT_\"><strong class=\"brz-cp-color7\">Farner Consulting AG<\/strong><\/p>\n<p class=\"brz-tp-paragraph brz-css-tFJjA\"><span class=\"brz-cp-color7\">8001 Z\u00fcrich<\/span><\/p>\n<p class=\"brz-tp-paragraph brz-css-zye6a\"><a class=\"brz-cp-color7 link--external\" href=\"https:\/\/www.farner.ch\/\" data-brz-link-type=\"external\" target=\"_blank\" rel=\"noreferrer noopener\">www.farner.ch <\/a><\/p>\n<\/div>\n<\/div>\n<\/div>\n<div id=\"\" class=\"brz-css-184tzv3 brz-css-2t6yfd brz-wrapper\">\n<div class=\"brz-rich-text brz-rich-text__custom brz-css-z7lbjq brz-css-ulyo99\" data-brz-custom-id=\"ffzhurfrwxbflzegbgukwzwknkkogrmtsvde\">\n<div data-brz-translate-text=\"1\">\n<h3 class=\"brz-tp-heading4 brz-mt-lg-20 brz-css-ta59I\"><span class=\"brz-cp-color7\">Impl\u00e9mentation dans WordPress<\/span><\/h3>\n<\/div>\n<\/div>\n<\/div>\n<div id=\"\" class=\"brz-css-184tzv3 brz-css-cv85zb brz-wrapper\">\n<div class=\"brz-rich-text brz-rich-text__custom brz-css-z7lbjq brz-css-1adden8\" data-brz-custom-id=\"eilutgwxtqvyuvumaywphhlpfcypczyjpdpu\">\n<div data-brz-translate-text=\"1\">\n<p class=\"brz-tp-paragraph brz-css-tnwlL\"><strong class=\"brz-cp-color7\">luna MULTIMEDIA<\/strong><\/p>\n<p class=\"brz-tp-paragraph brz-css-fiFFh\"><span class=\"brz-cp-color7\">4450 Sissach<\/span><\/p>\n<p class=\"brz-tp-paragraph brz-css-i85yP\"><a class=\"link--external brz-cp-color7\" href=\"https:\/\/www.luna-multimedia.info\" data-brz-link-type=\"external\" target=\"_blank\" rel=\"noreferrer noopener\">www.luna-multimedia.info<\/a><span class=\"brz-cp-color7\"> <\/span><\/p>\n<\/div>\n<\/div>\n<\/div>\n<\/div>\n<\/div>\n<\/div>\n<\/div>\n<div id=\"\" class=\"brz-css-184tzv3 brz-css-1umch6w brz-wrapper\">\n<div class=\"brz-rich-text brz-rich-text__custom brz-css-z7lbjq brz-css-1sggspu\" data-brz-custom-id=\"obbxfyglvgzlztfkkpbrpvyfzurpifbbiufu\">\n<div data-brz-translate-text=\"1\">\n<p class=\"brz-tp-paragraph brz-mt-lg-30 brz-css-gWq6p\"><strong class=\"brz-cp-color7\">Avis de responsabilit\u00e9<\/strong><\/p>\n<p class=\"brz-tp-paragraph brz-css-pdlz7\"><\/p>\n<p class=\"brz-tp-paragraph brz-css-xIASs\"><span class=\"brz-cp-color7\">Alle Angaben unseres Internetangebotes wurden sorgf\u00e4ltig gepr\u00fcft. Wir bem\u00fchen uns, unser Informationsangebot aktuell, inhaltlich richtig und vollst\u00e4ndig anzubieten. Trotzdem kann das Auftreten von Fehlern nicht v\u00f6llig ausgeschlossen werden, womit wir keine Garantie f\u00fcr Vollst\u00e4ndigkeit, Richtigkeit und Aktualit\u00e4t von Informationen auch journalistisch-redaktioneller Art \u00fcbernehmen k\u00f6nnen. Haftungsanspr\u00fcche aus Sch\u00e4den materieller oder ideeller Art, die durch die Nutzung der angebotenen Informationen verursacht wurden, sind ausgeschlossen, sofern kein nachweislich vors\u00e4tzliches oder grob fahrl\u00e4ssiges Verschulden vorliegt.<\/span><\/p>\n<p class=\"brz-tp-paragraph brz-css-mxO4k\"><span class=\"brz-cp-color7\"> <\/span><\/p>\n<p class=\"brz-tp-paragraph brz-css-fwh35\"><span class=\"brz-cp-color7\">Die Herausgeberin kann nach eigenem Ermessen und ohne Ank\u00fcndigung Texte ver\u00e4ndern oder l\u00f6schen und ist nicht verpflichtet, Inhalte dieser Website zu aktualisieren. Die Benutzung bzw. der Zugang zu dieser Website geschieht auf eigene Gefahr des Besuchers.<\/span><\/p>\n<p class=\"brz-tp-paragraph brz-css-bGXfn\"><span class=\"brz-cp-color7\">Die Herausgeberin, ihre Auftraggeber oder Partner sind nicht verantwortlich f\u00fcr Sch\u00e4den, wie direkte, indirekte, zuf\u00e4llige, vorab konkret zu bestimmende oder Folgesch\u00e4den, die angeblich durch den Besuch dieser Website entstanden sind und \u00fcbernehmen hierf\u00fcr folglich keine Haftung.<\/span><\/p>\n<p class=\"brz-tp-paragraph brz-css-reybB\"><span class=\"brz-cp-color7\"> <\/span><\/p>\n<p class=\"brz-tp-paragraph brz-css-n8Hi2\"><span class=\"brz-cp-color7\">Die Herausgeberin \u00fcbernimmt ebenfalls keine Verantwortung und Haftung f\u00fcr die Inhalte und die Verf\u00fcgbarkeit von Webseiten Dritter, die \u00fcber externe Links dieser Webseite erreichbar sind. F\u00fcr den Inhalt der verlinkten Seiten sind ausschliesslich deren Betreiber verantwortlich. Der Herausgeber distanziert sich damit ausdr\u00fccklich von allen Inhalten Dritter, die m\u00f6glicherweise straf- oder haftungsrechtlich relevant sind oder gegen die guten Sitten verstossen. <\/span><\/p>\n<\/div>\n<\/div>\n<\/div>\n<\/div>\n<\/div>\n<\/section><\/div>\n<p><!-- version:1771325055 --><\/p>","protected":false},"excerpt":{"rendered":"<p>Impressum Redaktion und verantwortlich f\u00fcr den Inhalt Organisation der Arbeitswelt Komplement\u00e4rtherapie OdA KT Niklaus Konrad-Strasse 26 CH-4500 Solothurn 041 511 43 50 info(at)oda-kt.ch www.oda-kt.ch Konzeption und Webdesign Farner Consulting AG 8001 Z\u00fcrich www.farner.ch Umsetzung in WordPress luna MULTIMEDIA 4450 Sissach www.luna-multimedia.info Haftungshinweis Alle Angaben unseres Internetangebotes wurden sorgf\u00e4ltig gepr\u00fcft. Wir bem\u00fchen uns, unser Informationsangebot aktuell, <a href=\"https:\/\/www.xn--komplementr-therapie-kzb.ch\/fr\/impressum\/\" class=\"more-link\">...<span class=\"screen-reader-text\">  Mentions<\/span><\/a><\/p>","protected":false},"author":1,"featured_media":0,"parent":0,"menu_order":10,"comment_status":"closed","ping_status":"closed","template":"brizy-blank-template.php","meta":{"iawp_total_views":225,"footnotes":""},"class_list":["post-236","page","type-page","status-publish","hentry"],"yoast_head":"<!-- This site is optimized with the Yoast SEO plugin v27.4 - https:\/\/yoast.com\/product\/yoast-seo-wordpress\/ -->\n<title>Impressum - Komplement\u00e4r-Therapie Schweiz<\/title>\n<meta name=\"description\" content=\"Redaktion und verantwortlich f\u00fcr den Inhalt, Konzeption und Webdesign, Umsetzung in WordPress\" \/>\n<meta name=\"robots\" content=\"index, follow, max-snippet:-1, max-image-preview:large, max-video-preview:-1\" \/>\n<link rel=\"canonical\" href=\"https:\/\/www.xn--komplementr-therapie-kzb.ch\/fr\/impressum\/\" \/>\n<meta property=\"og:locale\" content=\"fr_FR\" \/>\n<meta property=\"og:type\" content=\"article\" \/>\n<meta property=\"og:title\" content=\"Impressum - Komplement\u00e4r-Therapie Schweiz\" \/>\n<meta property=\"og:description\" content=\"Redaktion und verantwortlich f\u00fcr den Inhalt, Konzeption und Webdesign, Umsetzung in WordPress\" \/>\n<meta property=\"og:url\" content=\"https:\/\/www.xn--komplementr-therapie-kzb.ch\/fr\/impressum\/\" \/>\n<meta property=\"og:site_name\" content=\"Komplement\u00e4r-Therapie Schweiz\" \/>\n<meta property=\"article:modified_time\" content=\"2026-04-17T15:04:56+00:00\" \/>\n<meta name=\"twitter:card\" content=\"summary_large_image\" \/>\n<meta name=\"twitter:label1\" content=\"Dur\u00e9e de lecture estim\u00e9e\" \/>\n\t<meta name=\"twitter:data1\" content=\"1 minute\" \/>\n<script type=\"application\/ld+json\" class=\"yoast-schema-graph\">{\"@context\":\"https:\\\/\\\/schema.org\",\"@graph\":[{\"@type\":\"WebPage\",\"@id\":\"https:\\\/\\\/www.xn--komplementr-therapie-kzb.ch\\\/impressum\\\/\",\"url\":\"https:\\\/\\\/www.xn--komplementr-therapie-kzb.ch\\\/impressum\\\/\",\"name\":\"Impressum - Komplement\u00e4r-Therapie Schweiz\",\"isPartOf\":{\"@id\":\"https:\\\/\\\/www.xn--komplementr-therapie-kzb.ch\\\/#website\"},\"datePublished\":\"2020-12-17T22:13:42+00:00\",\"dateModified\":\"2026-04-17T15:04:56+00:00\",\"description\":\"Redaktion und verantwortlich f\u00fcr den Inhalt, Konzeption und Webdesign, Umsetzung in WordPress\",\"breadcrumb\":{\"@id\":\"https:\\\/\\\/www.xn--komplementr-therapie-kzb.ch\\\/impressum\\\/#breadcrumb\"},\"inLanguage\":\"fr-FR\",\"potentialAction\":[{\"@type\":\"ReadAction\",\"target\":[\"https:\\\/\\\/www.xn--komplementr-therapie-kzb.ch\\\/impressum\\\/\"]}]},{\"@type\":\"BreadcrumbList\",\"@id\":\"https:\\\/\\\/www.xn--komplementr-therapie-kzb.ch\\\/impressum\\\/#breadcrumb\",\"itemListElement\":[{\"@type\":\"ListItem\",\"position\":1,\"name\":\"Startseite\",\"item\":\"https:\\\/\\\/www.xn--komplementr-therapie-kzb.ch\\\/\"},{\"@type\":\"ListItem\",\"position\":2,\"name\":\"Impressum\"}]},{\"@type\":\"WebSite\",\"@id\":\"https:\\\/\\\/www.xn--komplementr-therapie-kzb.ch\\\/#website\",\"url\":\"https:\\\/\\\/www.xn--komplementr-therapie-kzb.ch\\\/\",\"name\":\"Komplement\u00e4r-Therapie Schweiz\",\"description\":\"\",\"potentialAction\":[{\"@type\":\"SearchAction\",\"target\":{\"@type\":\"EntryPoint\",\"urlTemplate\":\"https:\\\/\\\/www.xn--komplementr-therapie-kzb.ch\\\/?s={search_term_string}\"},\"query-input\":{\"@type\":\"PropertyValueSpecification\",\"valueRequired\":true,\"valueName\":\"search_term_string\"}}],\"inLanguage\":\"fr-FR\"}]}<\/script>\n<!-- \/ Yoast SEO plugin. -->","yoast_head_json":{"title":"Impressum - Komplement\u00e4r-Therapie Schweiz","description":"Redaktion und verantwortlich f\u00fcr den Inhalt, Konzeption und Webdesign, Umsetzung in WordPress","robots":{"index":"index","follow":"follow","max-snippet":"max-snippet:-1","max-image-preview":"max-image-preview:large","max-video-preview":"max-video-preview:-1"},"canonical":"https:\/\/www.xn--komplementr-therapie-kzb.ch\/fr\/impressum\/","og_locale":"fr_FR","og_type":"article","og_title":"Impressum - Komplement\u00e4r-Therapie Schweiz","og_description":"Redaktion und verantwortlich f\u00fcr den Inhalt, Konzeption und Webdesign, Umsetzung in WordPress","og_url":"https:\/\/www.xn--komplementr-therapie-kzb.ch\/fr\/impressum\/","og_site_name":"Komplement\u00e4r-Therapie Schweiz","article_modified_time":"2026-04-17T15:04:56+00:00","twitter_card":"summary_large_image","twitter_misc":{"Dur\u00e9e de lecture estim\u00e9e":"1 minute"},"schema":{"@context":"https:\/\/schema.org","@graph":[{"@type":"WebPage","@id":"https:\/\/www.xn--komplementr-therapie-kzb.ch\/impressum\/","url":"https:\/\/www.xn--komplementr-therapie-kzb.ch\/impressum\/","name":"Impressum - Komplement\u00e4r-Therapie Schweiz","isPartOf":{"@id":"https:\/\/www.xn--komplementr-therapie-kzb.ch\/#website"},"datePublished":"2020-12-17T22:13:42+00:00","dateModified":"2026-04-17T15:04:56+00:00","description":"Redaktion und verantwortlich f\u00fcr den Inhalt, Konzeption und Webdesign, Umsetzung in WordPress","breadcrumb":{"@id":"https:\/\/www.xn--komplementr-therapie-kzb.ch\/impressum\/#breadcrumb"},"inLanguage":"fr-FR","potentialAction":[{"@type":"ReadAction","target":["https:\/\/www.xn--komplementr-therapie-kzb.ch\/impressum\/"]}]},{"@type":"BreadcrumbList","@id":"https:\/\/www.xn--komplementr-therapie-kzb.ch\/impressum\/#breadcrumb","itemListElement":[{"@type":"ListItem","position":1,"name":"Startseite","item":"https:\/\/www.xn--komplementr-therapie-kzb.ch\/"},{"@type":"ListItem","position":2,"name":"Impressum"}]},{"@type":"WebSite","@id":"https:\/\/www.xn--komplementr-therapie-kzb.ch\/#website","url":"https:\/\/www.xn--komplementr-therapie-kzb.ch\/","name":"Th\u00e9rapie Compl\u00e9mentaire Suisse","description":"","potentialAction":[{"@type":"SearchAction","target":{"@type":"EntryPoint","urlTemplate":"https:\/\/www.xn--komplementr-therapie-kzb.ch\/?s={search_term_string}"},"query-input":{"@type":"PropertyValueSpecification","valueRequired":true,"valueName":"search_term_string"}}],"inLanguage":"fr-FR"}]}},"brizy_media":[{"id":450,"url":"https:\/\/www.xn--komplementr-therapie-kzb.ch\/wp-content\/uploads\/2021\/02\/kt-topbild-home-02.jpg","name":"kt-topbild-home-02.jpg","meta":{"brizy_attachment_uid":"wp-e4ff43b48768fe1129b7d068e81fb995.jpg","brizy_post_uid":["4a7a5e3bfddd835bce8f05d6ceffddf2","ec69648c15c4a10c6836e3b61e33e6f9","c22bc5dd32e8f25aa92e735451f512d0","7722191a189e00096c31ff22e6995ea1","94cb672d4aa2af850fdc8a52fe7b972f"]}},{"id":3580,"url":"https:\/\/www.xn--komplementr-therapie-kzb.ch\/wp-content\/uploads\/2021\/03\/logo-odakt.png","name":"logo-odakt.png","meta":{"brizy_attachment_uid":"wp-d2684dbd6209f141646b3aef1b52142a.png","brizy_post_uid":["c22bc5dd32e8f25aa92e735451f512d0"]}},{"id":4964,"url":"https:\/\/www.xn--komplementr-therapie-kzb.ch\/wp-content\/uploads\/2021\/04\/button-omltc.png","name":"button-omltc.png","meta":{"brizy_attachment_uid":"wp-3cfce985cfe6f5d5a0993e322aecb048.png","brizy_post_uid":["c22bc5dd32e8f25aa92e735451f512d0"]}},{"id":4965,"url":"https:\/\/www.xn--komplementr-therapie-kzb.ch\/wp-content\/uploads\/2021\/04\/button-ortratc.png","name":"button-ortratc.png","meta":{"brizy_attachment_uid":"wp-65bfca48ed3def115f8137a83c36f819.png","brizy_post_uid":["c22bc5dd32e8f25aa92e735451f512d0"]}},{"id":8854,"url":"https:\/\/www.xn--komplementr-therapie-kzb.ch\/wp-content\/uploads\/2021\/09\/interaktion-web-optimiert-3.jpg","name":"interaktion-web-optimiert-3.jpg","meta":{"brizy_attachment_uid":"wp-ee02e90fbe8d31128c1ab83bf75ed993.jpg","brizy_post_uid":["ec69648c15c4a10c6836e3b61e33e6f9","c22bc5dd32e8f25aa92e735451f512d0"]}},{"id":8899,"url":"https:\/\/www.xn--komplementr-therapie-kzb.ch\/wp-content\/uploads\/2021\/09\/head1.jpg","name":"head1.jpg","meta":{"brizy_attachment_uid":"wp-237c9b5e1dd15d5f3e8dacfb111297e5.jpg","brizy_post_uid":["ec69648c15c4a10c6836e3b61e33e6f9","c22bc5dd32e8f25aa92e735451f512d0"]}},{"id":9078,"url":"https:\/\/www.xn--komplementr-therapie-kzb.ch\/wp-content\/uploads\/2021\/10\/iff-archive-modern-photos-064-highres.jpg","name":"iff-archive-modern-photos-064-highres.jpg","meta":{"brizy_attachment_uid":"wp-79fe19b7625d55308a23e124af5aa089.jpg","brizy_post_uid":["0dec100594e2f50bce560c7cf83f31fb","c22bc5dd32e8f25aa92e735451f512d0"]}},{"id":10463,"url":"https:\/\/www.xn--komplementr-therapie-kzb.ch\/wp-content\/uploads\/2021\/10\/vxymirxr5ac.jpg","name":"foto-von-anthony-tran","meta":{"brizy_attachment_uid":"wp-fa58204b30417aa015ffc3f4f8aba44f.jpg","brizy_post_uid":["c22bc5dd32e8f25aa92e735451f512d0"]}},{"id":12220,"url":"https:\/\/www.xn--komplementr-therapie-kzb.ch\/wp-content\/uploads\/2021\/11\/button-odakt-100.png","name":"button-odakt-100.png","meta":{"brizy_attachment_uid":"wp-68e1858c4987c8ae8e3a2b69ef2f5f7b.png","brizy_post_uid":["c22bc5dd32e8f25aa92e735451f512d0","ec69648c15c4a10c6836e3b61e33e6f9"]}},{"id":14067,"url":"https:\/\/www.xn--komplementr-therapie-kzb.ch\/wp-content\/uploads\/2022\/03\/kt-logo-standard-de.png","name":"kt-logo-standard-de.png","meta":{"brizy_attachment_uid":"wp-3cdcd14366891739552f09af450a3547.png","brizy_post_uid":["c22bc5dd32e8f25aa92e735451f512d0"]}},{"id":14542,"url":"https:\/\/www.xn--komplementr-therapie-kzb.ch\/wp-content\/uploads\/2022\/04\/logo-millefolia.png","name":"logo-millefolia.png","meta":{"brizy_attachment_uid":"wp-faad0da44eee64c5ed77bcac11e198d9.png","brizy_post_uid":["c22bc5dd32e8f25aa92e735451f512d0","4a7a5e3bfddd835bce8f05d6ceffddf2"]}},{"id":14656,"url":"https:\/\/www.xn--komplementr-therapie-kzb.ch\/wp-content\/uploads\/2022\/04\/logo-millefolia-v2.png","name":"logo-millefolia-v2.png","meta":{"brizy_attachment_uid":"wp-5e086ead7fe9dedb871acfbdb36003c4.png","brizy_post_uid":["c22bc5dd32e8f25aa92e735451f512d0","4a7a5e3bfddd835bce8f05d6ceffddf2"]}},{"id":15977,"url":"https:\/\/www.xn--komplementr-therapie-kzb.ch\/wp-content\/uploads\/2022\/08\/ausbildungsarchitektur-kt.png","name":"ausbildungsarchitektur-kt.png","meta":{"brizy_attachment_uid":"wp-a5209c6c067adcc30e8badce972b2140.png","brizy_post_uid":["ec69648c15c4a10c6836e3b61e33e6f9","c22bc5dd32e8f25aa92e735451f512d0"]}},{"id":18077,"url":"https:\/\/www.xn--komplementr-therapie-kzb.ch\/wp-content\/uploads\/2022\/12\/bild-2022-12-08-130921166.png","name":"bild-2022-12-08-130921166.png","meta":{"brizy_attachment_uid":"wp-3950d71191a03789019f93f5acf01520.png","brizy_post_uid":["c22bc5dd32e8f25aa92e735451f512d0"]}},{"id":30557,"url":"https:\/\/www.xn--komplementr-therapie-kzb.ch\/wp-content\/uploads\/2024\/09\/bild-2024-09-02-093627825.png","name":"bild-2024-09-02-093627825.png","meta":{"brizy_attachment_uid":"wp-a9b569b0d07425c681280a81294a4484.png","brizy_post_uid":["c22bc5dd32e8f25aa92e735451f512d0"]}},{"id":30726,"url":"https:\/\/www.xn--komplementr-therapie-kzb.ch\/wp-content\/uploads\/2024\/09\/adobestock-244937406-2.jpeg","name":"adobestock-244937406-2.jpeg","meta":{"brizy_attachment_uid":"wp-d5267c0be617377e3a3ca9d62d4065c2.jpeg","brizy_post_uid":["c22bc5dd32e8f25aa92e735451f512d0"]}},{"id":31435,"url":"https:\/\/www.xn--komplementr-therapie-kzb.ch\/wp-content\/uploads\/2024\/09\/zitat-arbeit-vergnugen.webp","name":"zitat-arbeit-vergnugen.webp","meta":{"brizy_attachment_uid":"wp-3165560596c39a9721edb8acffd7b226.webp","brizy_post_uid":["7722191a189e00096c31ff22e6995ea1","c22bc5dd32e8f25aa92e735451f512d0"]}},{"id":31438,"url":"https:\/\/www.xn--komplementr-therapie-kzb.ch\/wp-content\/uploads\/2024\/09\/zitat-arbeit-vergnugen-morgenstund.webp","name":"zitat-arbeit-vergnugen-morgenstund.webp","meta":{"brizy_attachment_uid":"wp-cf1c211e73f0d9286f5cd3243cce7541.webp","brizy_post_uid":["7722191a189e00096c31ff22e6995ea1","c22bc5dd32e8f25aa92e735451f512d0"]}},{"id":31439,"url":"https:\/\/www.xn--komplementr-therapie-kzb.ch\/wp-content\/uploads\/2024\/09\/zitat-arbeit-vergnugen-morgenstund-1.webp","name":"zitat-arbeit-vergnugen-morgenstund-1.webp","meta":{"brizy_attachment_uid":"wp-38244276a23d24223737dec8d7584213.webp","brizy_post_uid":["7722191a189e00096c31ff22e6995ea1","c22bc5dd32e8f25aa92e735451f512d0"]}},{"id":31489,"url":"https:\/\/www.xn--komplementr-therapie-kzb.ch\/wp-content\/uploads\/2024\/09\/240917-rollup-final-visual.webp","name":"240917-rollup-final-visual.webp","meta":{"brizy_attachment_uid":"wp-1547b41d5135f5b9eee172eae5fdf8d6.webp","brizy_post_uid":["c22bc5dd32e8f25aa92e735451f512d0"]}}],"ase":null,"_links":{"self":[{"href":"https:\/\/www.xn--komplementr-therapie-kzb.ch\/fr\/wp-json\/wp\/v2\/pages\/236","targetHints":{"allow":["GET"]}}],"collection":[{"href":"https:\/\/www.xn--komplementr-therapie-kzb.ch\/fr\/wp-json\/wp\/v2\/pages"}],"about":[{"href":"https:\/\/www.xn--komplementr-therapie-kzb.ch\/fr\/wp-json\/wp\/v2\/types\/page"}],"author":[{"embeddable":true,"href":"https:\/\/www.xn--komplementr-therapie-kzb.ch\/fr\/wp-json\/wp\/v2\/users\/1"}],"replies":[{"embeddable":true,"href":"https:\/\/www.xn--komplementr-therapie-kzb.ch\/fr\/wp-json\/wp\/v2\/comments?post=236"}],"version-history":[{"count":5,"href":"https:\/\/www.xn--komplementr-therapie-kzb.ch\/fr\/wp-json\/wp\/v2\/pages\/236\/revisions"}],"predecessor-version":[{"id":34083,"href":"https:\/\/www.xn--komplementr-therapie-kzb.ch\/fr\/wp-json\/wp\/v2\/pages\/236\/revisions\/34083"}],"wp:attachment":[{"href":"https:\/\/www.xn--komplementr-therapie-kzb.ch\/fr\/wp-json\/wp\/v2\/media?parent=236"}],"curies":[{"name":"wp","href":"https:\/\/api.w.org\/{rel}","templated":true}]}}